{"id":12,"date":"2017-12-13T18:07:47","date_gmt":"2017-12-13T18:07:47","guid":{"rendered":"http:\/\/detetiveborges.com.br\/site\/?page_id=12"},"modified":"2017-12-14T23:02:35","modified_gmt":"2017-12-14T23:02:35","slug":"consultas","status":"publish","type":"page","link":"https:\/\/detetiveborges.com.br\/site\/consultas\/","title":{"rendered":"localiza\u00e7\u00e3o"},"content":{"rendered":"<p><strong><em>BANCO DE DADOS<\/em><\/strong><\/p>\n<p><em>Dados de pessoas f\u00edsicas e jur\u00eddicas provenientes de dom\u00ednio p\u00fablico, ou seja, totalmente l\u00edcitas.<\/em><\/p>\n<p><em>Dispomos de vasto banco de dados com milhares de registros.<\/em><\/p>\n<p><em>Levantamento de Informa\u00e7\u00f5es atrav\u00e9s do : NOME-CPF-RG-CNPJ-ENDERE\u00c7O-TELEFONE Fixo e Celular<\/em><\/p>\n<p><em>-Busca de Certid\u00f5es\u00a0de Casamento\u00a0Nascimento e \u00d3bito em Qualquer Municipio do Brasil<\/em><\/p>\n<p><em>-Busca de Certid\u00f5es Negativas de Im\u00f3veis <\/em><\/p>\n<p><em>-Busca de Certid\u00f5es\u00a0e Propriedade de Im\u00f3veis <\/em><\/p>\n<p><em>Busca de Certid\u00f5es Negativas de Protesto e T\u00edtulos em todo Brasil<\/em><\/p>\n<p><em>-Busca de propriedade de Veiculo, atravez do Nome\/CPF\/RG\/ ou Placa do ve\u00edculo<\/em><\/p>\n<p><em>Atividades de prote\u00e7ao ao cr\u00e9dito amparadas conforme art. 43 ,\u00a7 4\u00b0 da LEI No 8.078, DE 11 DE SETEMBRO DE 1990, e pelo CNAE 8291-1\/00 ATIVIDADES DE COBRAN\u00c7AS E INFORMA\u00c7OES CADASTRAIS.<\/em><\/p>\n<p><em>Legalidade<\/em><\/p>\n<div><em>Todos os nossos dados de pessoas f\u00edsicas e jur\u00eddicas estao de acordo com o cadastro de telefonia fixa nos termos da Emenda Constitucional no 8, de 1995, conforme Lei n\u00b0 9.472, de 16 de Julho de 1997, art. 213.<span class=\"Apple\">\u00a0<\/span><\/em><br \/>\n<em>Respeitando as institui\u00e7oes de nosso pa\u00eds, trabalhando com informa\u00e7oes l\u00edcitas e presente h\u00e1 vinte anos no mercado brasileiro.<\/em><\/div>\n<p><em>Valor da consulta\u00a0 &gt; Entre em contato e marque seu hor\u00e1rio para um atendimento personalizado.<\/em><\/p>\n<p><em>Essas busca estao restritas a consultas disponiveis em nossos banco de dados, qualquer outra informa\u00e7\u00e3o que nao se encontren nos mesmos, sera cobrado um valor pr\u00e9viamente acertado com o cliente para que possa entao ser tomada as providencias cabiveis.<\/em><\/p>\n","protected":false},"excerpt":{"rendered":"<p>BANCO DE DADOS Dados de pessoas f\u00edsicas e jur\u00eddicas provenientes de dom\u00ednio p\u00fablico, ou seja, totalmente l\u00edcitas. Dispomos de vasto banco de dados com milhares de registros. Levantamento de Informa\u00e7\u00f5es atrav\u00e9s do : NOME-CPF-RG-CNPJ-ENDERE\u00c7O-TELEFONE Fixo e Celular -Busca de Certid\u00f5es\u00a0de Casamento\u00a0Nascimento e \u00d3bito em Qualquer Municipio do Brasil -Busca de Certid\u00f5es Negativas de Im\u00f3veis -Busca [&hellip;]<\/p>\n","protected":false},"author":1,"featured_media":0,"parent":0,"menu_order":0,"comment_status":"closed","ping_status":"closed","template":"page-PageTemplate8.php","meta":{"footnotes":""},"class_list":["post-12","page","type-page","status-publish","hentry"],"_links":{"self":[{"href":"https:\/\/detetiveborges.com.br\/site\/wp-json\/wp\/v2\/pages\/12","targetHints":{"allow":["GET"]}}],"collection":[{"href":"https:\/\/detetiveborges.com.br\/site\/wp-json\/wp\/v2\/pages"}],"about":[{"href":"https:\/\/detetiveborges.com.br\/site\/wp-json\/wp\/v2\/types\/page"}],"author":[{"embeddable":true,"href":"https:\/\/detetiveborges.com.br\/site\/wp-json\/wp\/v2\/users\/1"}],"replies":[{"embeddable":true,"href":"https:\/\/detetiveborges.com.br\/site\/wp-json\/wp\/v2\/comments?post=12"}],"version-history":[{"count":3,"href":"https:\/\/detetiveborges.com.br\/site\/wp-json\/wp\/v2\/pages\/12\/revisions"}],"predecessor-version":[{"id":48,"href":"https:\/\/detetiveborges.com.br\/site\/wp-json\/wp\/v2\/pages\/12\/revisions\/48"}],"wp:attachment":[{"href":"https:\/\/detetiveborges.com.br\/site\/wp-json\/wp\/v2\/media?parent=12"}],"curies":[{"name":"wp","href":"https:\/\/api.w.org\/{rel}","templated":true}]}}