{"id":20,"date":"2017-12-13T18:11:23","date_gmt":"2017-12-13T18:11:23","guid":{"rendered":"http:\/\/detetiveborges.com.br\/site\/?page_id=20"},"modified":"2017-12-13T18:11:23","modified_gmt":"2017-12-13T18:11:23","slug":"legislacao","status":"publish","type":"page","link":"https:\/\/detetiveborges.com.br\/site\/legislacao\/","title":{"rendered":"legisla\u00e7\u00e3o"},"content":{"rendered":"<div id=\"post-90\" class=\"post\">\n<div class=\"entry\">\n<p>LEGISLA\u00c7\u00c3O<\/p>\n<div align=\"justify\">\n<ul>\n<li><span class=\"titulo\"> DECRETO FEDERAL N\u00ba 50.532\/61 DE 03\/05\/1961<\/span><br \/>\nDisp\u00f5e sobre o funcionamento das empresas de que trata a Lei n\u00ba 3.099 de 24\/02\/1957, ampara a empresa a ser registrada na Junta Comercial em qualquer Estado do Brasil.<\/li>\n<li><span class=\"titulo\">CLASSIFICA\u00c7\u00c3O BRASILEIRA DE OCUPA\u00c7\u00d5ES \u2013 CBO<\/span><br \/>\nClassifica o Detetive Particular no C\u00f3digo CBO 35-18-05 como ocupa\u00e7\u00e3o l\u00edcita em todo territ\u00f3rio Nacional, publicado no DOU \u2013 Di\u00e1rio Oficial da Uni\u00e3o \u2013 em 22\/06\/1978.<\/li>\n<li><span class=\"titulo\">ADULT\u00c9RIO<\/span><br \/>\nArtigo 240 \u2013 Inj\u00faria grave, podendo haver processos tanto na \u00e1rea de fam\u00edlia quanto c\u00edvel. Como pena, o c\u00f4njuge traidor perde o direito \u00e0 pens\u00e3o, e se o constrangimento for p\u00fablico, o c\u00f4njuge tra\u00eddo pode processar o outro por danos morais. O adult\u00e9rio n\u00e3o interfere na partilha de bens.<br \/>\nI \u2013 Incorre na mesma pena o co-r\u00e9u;<br \/>\nII \u2013 A a\u00e7\u00e3o penal somente pode ser intentada pelo c\u00f4njuge ofendido, e dentro de 30 dias ap\u00f3s o conhecimento do fato;III \u2013 A a\u00e7\u00e3o penal n\u00e3o pode ser intentada pelo c\u00f4njuge desquitado,pelo c\u00f4njuge que consentiu o adult\u00e9rio ou o perdoou, expressa ou tacitamente.O juiz pode deixar de aplicar a pena se havia cessado a vida em comum dos c\u00f4njuges.<\/li>\n<li><span class=\"titulo\">AMEA\u00c7A<\/span><br \/>\nArtigo 147 \u2013 Pena \u2013 deten\u00e7\u00e3o de um a seis anos, ou multa. Amea\u00e7ar algu\u00e9m, por palavra, escrito ou gesto, ou qualquer outro meio simb\u00f3lico, de causar-lhe mal injusto e grave.<br \/>\nPar\u00e1grafo \u00fanico \u2013 somente se procede mediante representa\u00e7\u00e3o.<\/li>\n<li><span class=\"titulo\">APROPRIA\u00c7\u00c3O IND\u00c9BITA<\/span><br \/>\nArtigo 168 \u2013 Pena \u2013 reclus\u00e3o de 1 a 4 anos e multa. Aumento da pena \u2013 A pena \u00e9 aumentada de um ter\u00e7o, quando o agente recebeu a coisa:<br \/>\nI \u2013 Em dep\u00f3sito necess\u00e1rio;<br \/>\nII \u2013 Na qualidade de tutor, curador, s\u00edndico, liquidat\u00e1rio, inventariante, testamenteiro ou dep\u00f3sito judicial;<br \/>\nIII \u2013 Em raz\u00e3o de of\u00edcio, emprego ou profiss\u00e3o.<\/li>\n<li><span class=\"titulo\"> CONCORR\u00caNCIA DESLEAL<\/span><br \/>\nArtigo 196 \u2013 Pena \u2013 deten\u00e7\u00e3o de 3 meses a 1 ano ou multa. Fazer concorr\u00eancia desleal.<\/li>\n<li><span class=\"titulo\"> ESTELIONATO<\/span><br \/>\nArtigo 171 \u2013 Pena \u2013 reclus\u00e3o de 1 a 5 anos e multa. Obter para si ou para outrem, vantagem il\u00edcita, em preju\u00edzo alheio, induzido ou mantendo algu\u00e9m em erro, mediante artif\u00edcio, ardil, ou qualquer outro meio fraudulento.<\/li>\n<li><span class=\"titulo\">FRAUDE NO COM\u00c9RCIO<\/span><br \/>\nArtigo 175 -Pena \u2013 deten\u00e7\u00e3o 6 meses a 2 anos ou multa. Enganar, no exerc\u00edcio de atividade comercial, o adquirente ou consumidor:<br \/>\nI \u2013 Vendendo como verdadeira ou perfeita, mercadoria falsificada ou deteriorada;<br \/>\nII \u2013 Entregando uma mercadoria por outra.<\/li>\n<li><span class=\"titulo\">FURTO<\/span><br \/>\nArtigo 155 \u2013 Subtrair para si ou para outrem, coisa alheia m\u00f3vel.Pena \u2013 reclus\u00e3o, de 1 (um) a 4 (quatro) anos, e multa.<\/li>\n<li><span class=\"titulo\"> HOMIC\u00cdDIO <\/span><br \/>\nArt. 121 \u2013 Matar algu\u00e9m: Pena \u2013 reclus\u00e3o, de 6 (seis) a 20 (vinte) anos. Caso de diminui\u00e7\u00e3o de pena:<br \/>\n\u00a7 1\u00ba \u2013 Se o agente comete o crime impelido por motivo de relevante valor social ou moral, ou sob o dom\u00ednio de violenta emo\u00e7\u00e3o, logo em seguida a injusta provoca\u00e7\u00e3o da v\u00edtima, o juiz pode reduzir a pena de um sexto a um ter\u00e7o.<\/li>\n<li><span class=\"titulo\"> HOMIC\u00cdDIO <\/span><br \/>\n\u00a7 2\u00ba \u2013 Se o homic\u00eddio \u00e9 cometido:<br \/>\nI \u2013 mediante paga ou promessa de recompensa, ou por outro motivo torpe;<br \/>\nII \u2013 por motivo f\u00fatil;<br \/>\nIII \u2013 com emprego de veneno, fogo, explosivo, asfixia, tortura ou outro meio insidioso ou cruel, ou de que possa resultar perigo comum;<br \/>\nIV \u2013 \u00e0 trai\u00e7\u00e3o, de emboscada, ou mediante dissimula\u00e7\u00e3o ou outro recurso que dificulte ou torne imposs\u00edvel a defesa do ofendido;<br \/>\nV \u2013 para assegurar a execu\u00e7\u00e3o, a oculta\u00e7\u00e3o, a impunidade ou vantagem de outro crime.<br \/>\nPena \u2013 reclus\u00e3o, de 12 (doze) a 30 (trinta) anos.<\/li>\n<li><span class=\"titulo\">HOMIC\u00cdDIO CULPOSO<\/span><br \/>\nHomic\u00eddio sem a inten\u00e7\u00e3o de matar.<br \/>\nPena \u2013 deten\u00e7\u00e3o, de 1 (um) a 3 (tr\u00eas) anos.<\/li>\n<li><span class=\"titulo\"> INVAS\u00c3O DE ESTABELECIMENTO INDUSTRIAL,COMERCIAL OU AGR\u00cdCOLA<\/span><br \/>\nArt. 202 \u2013 Invadir ou ocupar estabelecimento industrial, comercial ou agr\u00edcola, com o intuito de impedir ou embara\u00e7ar o curso normal do trabalho, ou com o mesmo fim danificar o estabelecimento ou as coisas nele existentes ou delas dispor: Pena \u2013 reclus\u00e3o, de 1 (um) a 3 (tr\u00eas) anos, e multa.<\/li>\n<li><span class=\"titulo\"> LES\u00c3O CORPORAL<\/span><br \/>\nArt. 129 \u2013 Ofender a integridade corporal ou a sa\u00fade de outrem: Pena \u2013 deten\u00e7\u00e3o, de 3 (tr\u00eas) meses a 1 (um) ano.<\/li>\n<li><span class=\"titulo\"> SEQ\u00dcESTRO E C\u00c1RCERE PRIVADO<\/span><br \/>\nArt. 148 \u2013 Privar algu\u00e9m de sua liberdade, mediante seq\u00fcestro ou c\u00e1rcere privado: Pena \u2013 reclus\u00e3o, de 1 (um) a 3 (tr\u00eas) anos.<br \/>\n\u00a7 1\u00ba \u2013 A pena \u00e9 de reclus\u00e3o, de 2 (dois) a 5 (cinco) anos:<br \/>\nI \u2013 se a v\u00edtima \u00e9 ascendente, descendente ou c\u00f4njuge do agente;<br \/>\nII \u2013 se o crime \u00e9 praticado mediante interna\u00e7\u00e3o da v\u00edtima em casa de sa\u00fade ou hospital;<br \/>\nIII \u2013 se a priva\u00e7\u00e3o da liberdade dura mais de 15 (quinze) dias.<br \/>\n\u00a7 2\u00ba \u2013 Se resulta \u00e0 v\u00edtima, em raz\u00e3o de maus-tratos ou da natureza da deten\u00e7\u00e3o, grave sofrimento f\u00edsico ou moral: Pena \u2013 reclus\u00e3o, de 2 (dois) a 8 (oito) anos.<\/li>\n<li><span class=\"titulo\"> VIOLA\u00c7\u00c3O DE SEGREDO PROFISSIONAL<\/span><br \/>\nArt. 154 \u2013 Revelar algu\u00e9m, sem justa causa, segredo, de que tem ci\u00eancia em raz\u00e3o de fun\u00e7\u00e3o, minist\u00e9rio, of\u00edcio ou profiss\u00e3o, e cuja revela\u00e7\u00e3o possa produzir dano a outrem: Pena \u2013 deten\u00e7\u00e3o, de 3 (tr\u00eas) meses a 1 (um) ano, ou multa.<br \/>\nPar\u00e1grafo \u00fanico \u2013 Somente se procede mediante representa\u00e7\u00e3o.<\/li>\n<\/ul>\n<\/div>\n<\/div>\n<\/div>\n","protected":false},"excerpt":{"rendered":"<p>LEGISLA\u00c7\u00c3O DECRETO FEDERAL N\u00ba 50.532\/61 DE 03\/05\/1961 Disp\u00f5e sobre o funcionamento das empresas de que trata a Lei n\u00ba 3.099 de 24\/02\/1957, ampara a empresa a ser registrada na Junta Comercial em qualquer Estado do Brasil. CLASSIFICA\u00c7\u00c3O BRASILEIRA DE OCUPA\u00c7\u00d5ES \u2013 CBO Classifica o Detetive Particular no C\u00f3digo CBO 35-18-05 como ocupa\u00e7\u00e3o l\u00edcita em todo [&hellip;]<\/p>\n","protected":false},"author":1,"featured_media":0,"parent":0,"menu_order":0,"comment_status":"closed","ping_status":"closed","template":"","meta":{"footnotes":""},"class_list":["post-20","page","type-page","status-publish","hentry"],"_links":{"self":[{"href":"https:\/\/detetiveborges.com.br\/site\/wp-json\/wp\/v2\/pages\/20","targetHints":{"allow":["GET"]}}],"collection":[{"href":"https:\/\/detetiveborges.com.br\/site\/wp-json\/wp\/v2\/pages"}],"about":[{"href":"https:\/\/detetiveborges.com.br\/site\/wp-json\/wp\/v2\/types\/page"}],"author":[{"embeddable":true,"href":"https:\/\/detetiveborges.com.br\/site\/wp-json\/wp\/v2\/users\/1"}],"replies":[{"embeddable":true,"href":"https:\/\/detetiveborges.com.br\/site\/wp-json\/wp\/v2\/comments?post=20"}],"version-history":[{"count":1,"href":"https:\/\/detetiveborges.com.br\/site\/wp-json\/wp\/v2\/pages\/20\/revisions"}],"predecessor-version":[{"id":21,"href":"https:\/\/detetiveborges.com.br\/site\/wp-json\/wp\/v2\/pages\/20\/revisions\/21"}],"wp:attachment":[{"href":"https:\/\/detetiveborges.com.br\/site\/wp-json\/wp\/v2\/media?parent=20"}],"curies":[{"name":"wp","href":"https:\/\/api.w.org\/{rel}","templated":true}]}}