{"id":25,"date":"2017-12-13T18:18:56","date_gmt":"2017-12-13T18:18:56","guid":{"rendered":"http:\/\/detetiveborges.com.br\/site\/?page_id=25"},"modified":"2017-12-14T01:29:09","modified_gmt":"2017-12-14T01:29:09","slug":"servicos","status":"publish","type":"page","link":"https:\/\/detetiveborges.com.br\/site\/servicos\/","title":{"rendered":"servi\u00e7os"},"content":{"rendered":"<table class=\"textocomum\" border=\"0\" width=\"100%\" cellspacing=\"5\" cellpadding=\"0\">\n<tbody>\n<tr>\n<td width=\"540\">O Detetive Borges, Tem por objetivo focar na qualidade a cima de\u00a0\u00a0 tudo para cada servi\u00e7o contratado, pois cada cliente tem uma necessidade\u00a0\u00a0 diferenciada do outro, por isso, sabemos como conduzir a investiga\u00e7\u00e3o,\u00a0\u00a0 de modo que possamos atingir o m\u00e1ximo das expectativas dos nossos\u00a0\u00a0 clientes,\u00a0 profissional do ramo\u00a0\u00a0 de investiga\u00e7\u00e3o h\u00e1 32 Anos, sempre zelando e preservando cada cliente, profissional engajado na luta pela\u00a0\u00a0 regulamenta\u00e7\u00e3o da profiss\u00e3o de Detetive Profissional, regulamentada\u00a0\u00a0 recentemente, tenha certeza de que faremos o que pudermos para minimizar\u00a0\u00a0 seus problemas.<\/p>\n<p>Ap\u00f3s fazer sua escolha dos servi\u00e7os que se encaixem com sua necessidade,\u00a0\u00a0 teremos o maior prazer em oferecer a melhor solu\u00e7\u00e3o para seu problema,\u00a0\u00a0 formulando um or\u00e7amento personalizado e com o comprometimento da empresa\u00a0\u00a0 em lhe oferecer provas concretas por um pre\u00e7o justo e que se encaixe no\u00a0\u00a0 seu or\u00e7amento.<\/p>\n<p><strong>SIGILO ABSOLUTO<\/strong><\/td>\n<\/tr>\n<tr>\n<td>\n<ul>\n<li>\n<div align=\"justify\"><strong><span class=\"style1\">ADULT\u00c9RIO<\/span><\/strong><br \/>\nEquipe especializada e treinada para documentar qualquer tipo de flagrante, atrav\u00e9s de filmagens e fotos, sem que o investigado perceba, gra\u00e7as aos equipamentos, que possu\u00edmos, de maneira que o investigado, jamais imagine, que esta sendo gravado e fotografado, a uma distancia a menos de dois metros, assim o investigado deixa de estar na condi\u00e7\u00e3o do constrangimentos ilegal, e o cliente na seguran\u00e7a, de n\u00e3o ser suspeito de ter contratado os servi\u00e7os. sem falar no sigilo total, das informa\u00e7\u00f5es obtidas no final do trabalho.<br \/>\n<a href=\"http:\/\/detetiveborges.com.br\/contact.php\">Contate-nos<\/a><\/div>\n<\/li>\n<li>\n<div align=\"justify\"><strong class=\"style1\">DOSSI\u00ca DE PESSOAS F\u00cdSICAS E JUR\u00cdDICAS<\/strong><br \/>\nRealizamos uma ampla pesquisa junto aos \u00f3rg\u00e3os de prote\u00e7\u00e3o ao cr\u00e9dito,dentre outros,a fim de analisar a situa\u00e7\u00e3o financeira de qualquer pessoa f\u00edsica ou jur\u00eddica e, se necess\u00e1rio, de seus familiares, atrav\u00e9s de dados como sal\u00e1rio mensal, despesas, benef\u00edcios, imposto de renda, procurando comparar se o padr\u00e3o de vida da pessoa investigada \u00e9 compat\u00edvel com o seu sal\u00e1rio.<br \/>\n<a href=\"http:\/\/detetiveborges.com.br\/contact.php\">Contate-nos<\/a><\/div>\n<\/li>\n<li>\n<div align=\"justify\"><strong class=\"style1\">CONJUGAL E FAMILIAR<\/strong><br \/>\nQuando o assunto \u00e9 fam\u00edlia, acreditamos que n\u00e3o se deve alimentar d\u00favidas sobre onde e com quem seus filhos e c\u00f4njuges andam, se correm algum risco, se est\u00e3o expostos \u00e0s drogas, bebidas, jogos, prostitui\u00e7\u00e3o ou a malfeitores. Como,ent\u00e3o, acompanhar mais de perto, sem que isso se torne mais um problema? O Detetive Borges tem como filosofia de trabalho a discri\u00e7\u00e3o. Com seus equipamentos de \u00faltima gera\u00e7\u00e3o e com uma equipe treinada e capacitada, o Detetive Borges \u00e9 capaz de dar uma resposta \u00e0 altura para cada caso, monitorando assim cada passo, cada evid\u00eancia, com a mais absoluta discri\u00e7\u00e3o.<br \/>\nPer\u00edodo de Investiga\u00e7\u00e3o: em m\u00e9dia 10 dias;<br \/>\nProvas oferecidas: relat\u00f3rio detalhado, fotos e filmagens;<br \/>\n<a href=\"http:\/\/detetiveborges.com.br\/contact.php\">Contate-nos<\/a><\/div>\n<\/li>\n<\/ul>\n<\/td>\n<\/tr>\n<\/tbody>\n<\/table>\n<p><strong><strong class=\"style1\">PESSOAS DESAPARECIDAS<\/strong><\/strong><\/p>\n<p><strong>Localizamos pessoas desaparecidas atrav\u00e9s de uma equipe especializada em v\u00e1rias localidades. Juntando a nossa experi\u00eancia e nosso amplo banco de dados, temos a possibilidade de encontrar pessoas nos lugares mais remotos, com cobertura completa em todo territ\u00f3rio nacional.<br \/>\nAquele familiar ou amigo que o senhor ou a senhora n\u00e3o encontra h\u00e1 anos, o Detetive Borges faz o melhor para localiz\u00e1-lo e satisfazer voc\u00ea!<\/strong><\/p>\n","protected":false},"excerpt":{"rendered":"<p>O Detetive Borges, Tem por objetivo focar na qualidade a cima de\u00a0\u00a0 tudo para cada servi\u00e7o contratado, pois cada cliente tem uma necessidade\u00a0\u00a0 diferenciada do outro, por isso, sabemos como conduzir a investiga\u00e7\u00e3o,\u00a0\u00a0 de modo que possamos atingir o m\u00e1ximo das expectativas dos nossos\u00a0\u00a0 clientes,\u00a0 profissional do ramo\u00a0\u00a0 de investiga\u00e7\u00e3o h\u00e1 32 Anos, sempre zelando [&hellip;]<\/p>\n","protected":false},"author":1,"featured_media":0,"parent":0,"menu_order":0,"comment_status":"closed","ping_status":"closed","template":"page-PageTemplate8.php","meta":{"footnotes":""},"class_list":["post-25","page","type-page","status-publish","hentry"],"_links":{"self":[{"href":"https:\/\/detetiveborges.com.br\/site\/wp-json\/wp\/v2\/pages\/25","targetHints":{"allow":["GET"]}}],"collection":[{"href":"https:\/\/detetiveborges.com.br\/site\/wp-json\/wp\/v2\/pages"}],"about":[{"href":"https:\/\/detetiveborges.com.br\/site\/wp-json\/wp\/v2\/types\/page"}],"author":[{"embeddable":true,"href":"https:\/\/detetiveborges.com.br\/site\/wp-json\/wp\/v2\/users\/1"}],"replies":[{"embeddable":true,"href":"https:\/\/detetiveborges.com.br\/site\/wp-json\/wp\/v2\/comments?post=25"}],"version-history":[{"count":1,"href":"https:\/\/detetiveborges.com.br\/site\/wp-json\/wp\/v2\/pages\/25\/revisions"}],"predecessor-version":[{"id":26,"href":"https:\/\/detetiveborges.com.br\/site\/wp-json\/wp\/v2\/pages\/25\/revisions\/26"}],"wp:attachment":[{"href":"https:\/\/detetiveborges.com.br\/site\/wp-json\/wp\/v2\/media?parent=25"}],"curies":[{"name":"wp","href":"https:\/\/api.w.org\/{rel}","templated":true}]}}